{"id":908,"date":"2022-02-14T09:31:41","date_gmt":"2022-02-14T08:31:41","guid":{"rendered":"https:\/\/15francoallemandeoccitanie.fr\/?page_id=908"},"modified":"2022-08-18T12:21:58","modified_gmt":"2022-08-18T10:21:58","slug":"einreichen-ihres-projekts","status":"publish","type":"page","link":"https:\/\/15francoallemandeoccitanie.fr\/de\/einreichen-ihres-projekts\/","title":{"rendered":"Einreichen Ihres Projekts"},"content":{"rendered":"\n\t<section class=\"section\" id=\"section_1060370328\">\n\t\t<div class=\"section-bg fill\" >\n\t\t\t<img loading=\"lazy\" decoding=\"async\" width=\"1920\" height=\"922\" src=\"https:\/\/15francoallemandeoccitanie.fr\/wp-content\/uploads\/2022\/02\/Participer-quinzaine-projet.jpg\" class=\"bg attachment- size-\" alt=\"\" \/>\t\t\t\t\t\t\n\t\t\t\n\n\t\t<\/div>\n\n\t\t\n\n\t\t<div class=\"section-content relative\">\n\t\t\t\n<div class=\"row\"  id=\"row-876852989\">\n\n\t<div id=\"col-1480993911\" class=\"col medium-7 small-12 large-7\"  >\n\t\t\t\t<div class=\"col-inner\"  >\n\t\t\t\n\t\t\t\n<p><span data-text-bg=\"secondary\" data-text-color=\"primary\"><b>Die 4. Aufgabe der Deutsch-Okzitanische Festwochen findet vom 17. bis 30. November 2022 in Deutschland statt..<\/b><\/span><\/p>\n\t<div id=\"text-3867492249\" class=\"text\">\n\t\t\n<h1>F\u00fcgen Sie Ihre Veranstaltung zum Terminkalender der Quinzaine hinzu.<\/h1>\n\t\t\n<style>\n#text-3867492249 {\n  font-size: 1.7rem;\n  text-align: left;\n}\n<\/style>\n\t<\/div>\n\t\n\t\t<\/div>\n\t\t\t\t\n<style>\n#col-1480993911 > .col-inner {\n  padding: 100px 20px 0px 20px;\n}\n@media (min-width:550px) {\n  #col-1480993911 > .col-inner {\n    padding: 100px 0px 0px 0px;\n  }\n}\n<\/style>\n\t<\/div>\n\n\t\n<\/div>\n<div class=\"row\"  id=\"row-216970898\">\n\n\t<div id=\"col-315558560\" class=\"col medium-7 small-12 large-7\"  >\n\t\t\t\t<div class=\"col-inner text-left\"  >\n\t\t\t\n\t\t\t\n\t<div id=\"text-2922932802\" class=\"text\">\n\t\t\n<p><span data-text-color=\"primary\">Ihre Einrichtung entwickelt deutsch-franz\u00f6sische Projekte zu einem der vier folgenden Themen: Wirtschaft, Kultur, B\u00fcrgerschaft oder Bildung?<\/span><\/p>\n\t\t\n<style>\n#text-2922932802 {\n  font-size: 1.3rem;\n  text-align: left;\n}\n<\/style>\n\t<\/div>\n\t\n\t<div id=\"text-3485427933\" class=\"text\">\n\t\t\n<p>Lassen Sie Ihr Veranstaltungsprojekt in den Veranstaltungskalender der Quinzaine aufnehmen. Wenn Ihr Vorschlag angenommen wird, erhalten Sie das QFAO-Label und erh\u00f6hen Ihre Sichtbarkeit dank unserer Medienmaterialien und Partnerschaften. Auf diese Weise ist gew\u00e4hrleistet, dass Sie bei den ma\u00dfgeblichen Akteuren beider Territorien bekannt werden.!<\/p>\n\t\t\n<style>\n#text-3485427933 {\n  text-align: left;\n}\n<\/style>\n\t<\/div>\n\t\n<a href=\"https:\/\/15francoallemandeoccitanie.fr\/evenements\/communaute\/ajouter\/\" class=\"button primary\" style=\"border-radius:99px;\">\n\t\t<span>IHREN VERANSTALTUNGSVORSCHLAG EINREICHEN<\/span>\n\t<\/a>\n\n\t<div id=\"gap-693807467\" class=\"gap-element clearfix\" style=\"display:block; height:auto;\">\n\t\t\n<style>\n#gap-693807467 {\n  padding-top: 30px;\n}\n<\/style>\n\t<\/div>\n\t\n\t\t<\/div>\n\t\t\t\t\n<style>\n#col-315558560 > .col-inner {\n  padding: 0px 20px 0px 20px;\n  margin: 0px 0px 70px 0px;\n}\n@media (min-width:550px) {\n  #col-315558560 > .col-inner {\n    padding: 0px 60px 0px 0px;\n  }\n}\n<\/style>\n\t<\/div>\n\n\t\n<\/div>\n\t\t<\/div>\n\n\t\t\n<style>\n#section_1060370328 {\n  padding-top: 30px;\n  padding-bottom: 30px;\n}\n<\/style>\n\t<\/section>\n\t\n\n\t<section class=\"section dark\" id=\"section_543669303\">\n\t\t<div class=\"section-bg fill\" >\n\t\t\t\t\t\t\t\t\t\n\t\t\t\n\n\t\t<\/div>\n\n\t\t\n\n\t\t<div class=\"section-content relative\">\n\t\t\t\n<div class=\"row row-collapse row-full-width align-middle\"  id=\"row-20634500\">\n\n\t<div id=\"col-576739452\" class=\"col medium-4 small-12 large-4\"  >\n\t\t\t\t<div class=\"col-inner text-right\" style=\"background-color:rgb(255,255,255);\" >\n\t\t\t\n\t<div class=\"is-border\"\n\t\tstyle=\"border-color:rgb(201, 12, 15);border-width:3px 0px 0px 0px;\">\n\t<\/div>\n\t\t\t\n\t<div class=\"img has-hover x md-x lg-x y md-y lg-y\" id=\"image_1705879082\">\n\t\t\t\t\t\t\t\t<div class=\"img-inner dark\" style=\"margin:0px -25px 0px 0px;\">\n\t\t\t<img loading=\"lazy\" decoding=\"async\" width=\"40\" height=\"40\" src=\"https:\/\/15francoallemandeoccitanie.fr\/wp-content\/uploads\/2022\/02\/LABEL_QFAO.svg\" class=\"attachment-large size-large\" alt=\"\" \/>\t\t\t\t\t\t\n\t\t\t\t\t<\/div>\n\t\t\t\t\t\t\t\t\n<style>\n#image_1705879082 {\n  width: 37%;\n}\n<\/style>\n\t<\/div>\n\t\n\t<div id=\"text-3960183794\" class=\"text\">\n\t\t\n<h2><span data-text-color=\"primary\">Das QFAO-Label: Synonym f\u00fcr Zusammenarbeit, Austausch und Verl\u00e4sslichkeit<\/span><\/h2>\n\t\t\n<style>\n#text-3960183794 {\n  font-size: 1.55rem;\n  text-align: left;\n}\n@media (min-width:550px) {\n  #text-3960183794 {\n    text-align: right;\n  }\n}\n<\/style>\n\t<\/div>\n\t\n\t\t<\/div>\n\t\t\t\t\n<style>\n#col-576739452 > .col-inner {\n  padding: 60px 35px 50px 35px;\n  margin: 0px 0px 0 0px;\n}\n@media (min-width:550px) {\n  #col-576739452 > .col-inner {\n    padding: 60px 100px 50px 100px;\n  }\n}\n<\/style>\n\t<\/div>\n\n\t\n\n\t<div id=\"col-820918434\" class=\"col medium-8 small-12 large-8\"  >\n\t\t\t\t<div class=\"col-inner text-left\"  >\n\t\t\t\n\t\t\t\n<div class=\"row\"  id=\"row-201284886\">\n\n\t<div id=\"col-1386525709\" class=\"col medium-4 small-6 large-4\"  >\n\t\t\t\t<div class=\"col-inner text-center dark\"  >\n\t\t\t\n\t\t\t\n\t<div class=\"img has-hover x md-x lg-x y md-y lg-y\" id=\"image_168379894\">\n\t\t\t\t\t\t\t\t<div class=\"img-inner dark\" >\n\t\t\t<img loading=\"lazy\" decoding=\"async\" width=\"50\" height=\"50\" src=\"https:\/\/15francoallemandeoccitanie.fr\/wp-content\/uploads\/2022\/02\/ICONE_Visibilite\u0301.svg\" class=\"attachment-large size-large\" alt=\"\" \/>\t\t\t\t\t\t\n\t\t\t\t\t<\/div>\n\t\t\t\t\t\t\t\t\n<style>\n#image_168379894 {\n  width: 32%;\n}\n<\/style>\n\t<\/div>\n\t\n\t<div id=\"text-52197181\" class=\"text\">\n\t\t\n<h3 class=\"uppercase\"><span data-text-color=\"secondary\">ERH\u00d6HEN SIE<br \/>\nIHRE SICHTBARKEIT<br \/>\n<\/span><\/h3>\n\t\t\n<style>\n#text-52197181 {\n  color: rgb(0,0,0);\n}\n#text-52197181 > * {\n  color: rgb(0,0,0);\n}\n<\/style>\n\t<\/div>\n\t\n\t\t<\/div>\n\t\t\t\t\n<style>\n#col-1386525709 > .col-inner {\n  padding: 0px 0px 0px 0;\n  border-radius: 10px;\n}\n@media (min-width:550px) {\n  #col-1386525709 > .col-inner {\n    padding: 0px 20px 0px 20px;\n  }\n}\n<\/style>\n\t<\/div>\n\n\t\n\n\t<div id=\"col-952709691\" class=\"col medium-4 small-6 large-4\"  >\n\t\t\t\t<div class=\"col-inner text-center\"  >\n\t\t\t\n\t\t\t\n\t<div class=\"img has-hover x md-x lg-x y md-y lg-y\" id=\"image_836225806\">\n\t\t\t\t\t\t\t\t<div class=\"img-inner dark\" >\n\t\t\t<img loading=\"lazy\" decoding=\"async\" width=\"50\" height=\"50\" src=\"https:\/\/15francoallemandeoccitanie.fr\/wp-content\/uploads\/2022\/02\/ICONE_Business.svg\" class=\"attachment-large size-large\" alt=\"\" \/>\t\t\t\t\t\t\n\t\t\t\t\t<\/div>\n\t\t\t\t\t\t\t\t\n<style>\n#image_836225806 {\n  width: 32%;\n}\n<\/style>\n\t<\/div>\n\t\n\t<div id=\"text-1954246559\" class=\"text\">\n\t\t\n<h3 class=\"uppercase\"><span data-text-color=\"secondary\">ENTWICKELN <br \/>SIE<br \/>\nIHR GESCH\u00c4FT<br \/>\n<\/span><\/h3>\n\t\t\n<style>\n#text-1954246559 {\n  color: rgb(0,0,0);\n}\n#text-1954246559 > * {\n  color: rgb(0,0,0);\n}\n<\/style>\n\t<\/div>\n\t\n\t\t<\/div>\n\t\t\t\t\n<style>\n#col-952709691 > .col-inner {\n  padding: 0px 0px 0px 0;\n  border-radius: 10px;\n}\n@media (min-width:550px) {\n  #col-952709691 > .col-inner {\n    padding: 0px 20px 0px 20px;\n  }\n}\n<\/style>\n\t<\/div>\n\n\t\n\n\t<div id=\"col-637339139\" class=\"col medium-4 small-6 large-4\"  >\n\t\t\t\t<div class=\"col-inner text-center\"  >\n\t\t\t\n\t\t\t\n\t<div class=\"img has-hover x md-x lg-x y md-y lg-y\" id=\"image_1569298356\">\n\t\t\t\t\t\t\t\t<div class=\"img-inner dark\" >\n\t\t\t<img loading=\"lazy\" decoding=\"async\" width=\"50\" height=\"50\" src=\"https:\/\/15francoallemandeoccitanie.fr\/wp-content\/uploads\/2022\/02\/ICONE_Engagement.svg\" class=\"attachment-large size-large\" alt=\"\" \/>\t\t\t\t\t\t\n\t\t\t\t\t<\/div>\n\t\t\t\t\t\t\t\t\n<style>\n#image_1569298356 {\n  width: 32%;\n}\n<\/style>\n\t<\/div>\n\t\n\t<div id=\"text-2277514919\" class=\"text\">\n\t\t\n<h3 class=\"uppercase\"><span data-text-color=\"secondary\">EIN LUKRATIVES<br \/>\nGEGENSEITIGES ENGAGEMENT<br \/>\n<\/span><\/h3>\n\t\t\n<style>\n#text-2277514919 {\n  color: rgb(0,0,0);\n}\n#text-2277514919 > * {\n  color: rgb(0,0,0);\n}\n<\/style>\n\t<\/div>\n\t\n\t\t<\/div>\n\t\t\t\t\n<style>\n#col-637339139 > .col-inner {\n  padding: 0px 0px 0px 0;\n  border-radius: 10px;\n}\n@media (min-width:550px) {\n  #col-637339139 > .col-inner {\n    padding: 0px 20px 0px 20px;\n  }\n}\n<\/style>\n\t<\/div>\n\n\t\n<\/div>\n\t\t<\/div>\n\t\t\t\t\n<style>\n#col-820918434 > .col-inner {\n  padding: 40px 20px 0px 19px;\n  margin: 0px 0px 0 0px;\n}\n@media (min-width:550px) {\n  #col-820918434 > .col-inner {\n    padding: 40px 100px 0 40px;\n  }\n}\n<\/style>\n\t<\/div>\n\n\t\n<\/div>\n\t\t<\/div>\n\n\t\t\n<style>\n#section_543669303 {\n  padding-top: 0px;\n  padding-bottom: 0px;\n  background-color: #c90c0f;\n}\n<\/style>\n\t<\/section>\n\t\n\n\t<section class=\"section\" id=\"section_570180822\">\n\t\t<div class=\"section-bg fill\" >\n\t\t\t<img loading=\"lazy\" decoding=\"async\" width=\"1612\" height=\"3541\" src=\"https:\/\/15francoallemandeoccitanie.fr\/wp-content\/uploads\/2022\/02\/BG_Histoire-quinzaine-franco-allemande-1.svg\" class=\"bg attachment- size-\" alt=\"\" \/>\t\t\t\t\t\t\n\t\t\t\n\n\t\t<\/div>\n\n\t\t\n\n\t\t<div class=\"section-content relative\">\n\t\t\t\n<span class=\"scroll-to\" data-label=\"Scroll to: #evenement\" data-bullet=\"false\" data-link=\"#evenement\" data-title=\"evenement\"><a name=\"evenement\"><\/a><\/span>\n<div class=\"row align-center\"  id=\"row-2015167954\">\n\n\t<div id=\"col-1385664712\" class=\"col medium-8 small-12 large-8\"  >\n\t\t\t\t<div class=\"col-inner text-center\"  >\n\t\t\t\n\t\t\t\n\t<div id=\"text-2815749187\" class=\"text\">\n\t\t\n<h2 class=\"uppercase\"><span style=\"font-size: 75%;\">UND SO WIRD&#8217;S GEMACHT<\/span><\/h2>\n\t\t\n<style>\n#text-2815749187 {\n  font-size: 0.75rem;\n  text-align: center;\n}\n<\/style>\n\t<\/div>\n\t\n\t<div id=\"text-2220541049\" class=\"text\">\n\t\t\n<h2>Reichen Sie Ihr Projekt ein:<\/h2>\n\t\t\n<style>\n#text-2220541049 {\n  font-size: 1.7rem;\n  text-align: center;\n}\n<\/style>\n\t<\/div>\n\t\n\t<div id=\"text-99685379\" class=\"text\">\n\t\t\n<p><span data-text-color=\"primary\">Ganz einfach, mit 3 Mausklicks!<\/span><\/p>\n\t\t\n<style>\n#text-99685379 {\n  font-size: 1.3rem;\n  text-align: center;\n}\n<\/style>\n\t<\/div>\n\t\n\t\t<\/div>\n\t\t\t\t\n<style>\n#col-1385664712 > .col-inner {\n  padding: 100px 0px 0px 0px;\n}\n<\/style>\n\t<\/div>\n\n\t\n<\/div>\n<div class=\"row hide-for-small\"  id=\"row-54751375\">\n\n\t<div id=\"col-1897192144\" class=\"col small-12 large-12\"  >\n\t\t\t\t<div class=\"col-inner\"  >\n\t\t\t\n\t\t\t\n<div class=\"text-center\"><div class=\"is-divider divider clearfix\" style=\"max-width:841px;background-color:rgb(201, 12, 15);\"><\/div><\/div>\n\t\t<\/div>\n\t\t\t\t\t<\/div>\n\n\t\n\n\t<div id=\"col-1079219668\" class=\"col medium-4 small-12 large-4\"  >\n\t\t\t\t<div class=\"col-inner text-center\"  >\n\t\t\t\n\t\t\t\n\t<div class=\"img has-hover x md-x lg-x y md-y lg-y\" id=\"image_1842953061\">\n\t\t\t\t\t\t\t\t<div class=\"img-inner dark\" >\n\t\t\t<img loading=\"lazy\" decoding=\"async\" width=\"50\" height=\"50\" src=\"https:\/\/15francoallemandeoccitanie.fr\/wp-content\/uploads\/2022\/02\/ICONE_Cercle.svg\" class=\"attachment-large size-large\" alt=\"\" \/>\t\t\t\t\t\t\n\t\t\t\t\t<\/div>\n\t\t\t\t\t\t\t\t\n<style>\n#image_1842953061 {\n  width: 8%;\n}\n<\/style>\n\t<\/div>\n\t\n\t\t<\/div>\n\t\t\t\t\n<style>\n#col-1079219668 > .col-inner {\n  margin: -63px 0px 0px 0px;\n}\n<\/style>\n\t<\/div>\n\n\t\n\n\t<div id=\"col-1024841037\" class=\"col medium-4 small-12 large-4\"  >\n\t\t\t\t<div class=\"col-inner text-center\"  >\n\t\t\t\n\t\t\t\n\t<div class=\"img has-hover x md-x lg-x y md-y lg-y\" id=\"image_563042270\">\n\t\t\t\t\t\t\t\t<div class=\"img-inner dark\" >\n\t\t\t<img loading=\"lazy\" decoding=\"async\" width=\"50\" height=\"50\" src=\"https:\/\/15francoallemandeoccitanie.fr\/wp-content\/uploads\/2022\/02\/ICONE_Cercle.svg\" class=\"attachment-large size-large\" alt=\"\" \/>\t\t\t\t\t\t\n\t\t\t\t\t<\/div>\n\t\t\t\t\t\t\t\t\n<style>\n#image_563042270 {\n  width: 8%;\n}\n<\/style>\n\t<\/div>\n\t\n\t\t<\/div>\n\t\t\t\t\n<style>\n#col-1024841037 > .col-inner {\n  margin: -63px 0px 0px 0px;\n}\n<\/style>\n\t<\/div>\n\n\t\n\n\t<div id=\"col-1481035029\" class=\"col medium-4 small-12 large-4\"  >\n\t\t\t\t<div class=\"col-inner text-center\"  >\n\t\t\t\n\t\t\t\n\t<div class=\"img has-hover x md-x lg-x y md-y lg-y\" id=\"image_759782338\">\n\t\t\t\t\t\t\t\t<div class=\"img-inner dark\" >\n\t\t\t<img loading=\"lazy\" decoding=\"async\" width=\"50\" height=\"50\" src=\"https:\/\/15francoallemandeoccitanie.fr\/wp-content\/uploads\/2022\/02\/ICONE_Cercle.svg\" class=\"attachment-large size-large\" alt=\"\" \/>\t\t\t\t\t\t\n\t\t\t\t\t<\/div>\n\t\t\t\t\t\t\t\t\n<style>\n#image_759782338 {\n  width: 8%;\n}\n<\/style>\n\t<\/div>\n\t\n\t\t<\/div>\n\t\t\t\t\n<style>\n#col-1481035029 > .col-inner {\n  margin: -63px 0px 0px 0px;\n}\n<\/style>\n\t<\/div>\n\n\t\n<\/div>\n<div class=\"row\"  id=\"row-529388365\">\n\n\t<div id=\"col-2144448731\" class=\"col medium-4 small-12 large-4\"  >\n\t\t\t\t<div class=\"col-inner text-center\"  >\n\t\t\t\n\t\t\t\n\t<div id=\"text-4088739231\" class=\"text\">\n\t\t\n<p><span data-text-color=\"primary\">SCHRITT 1<\/span><\/p>\n<p><span style=\"font-size: 130%;\" data-text-color=\"primary\"><b>EINREICHUNG DES PROJEKTS<\/b><\/span><\/p>\n\t\t\n<style>\n#text-4088739231 {\n  line-height: 0.75;\n  text-align: center;\n}\n<\/style>\n\t<\/div>\n\t\n<p>Melden Sie sich an oder loggen Sie sich ein. F\u00fcllen Sie nun das Formular auf der Website vollst\u00e4ndig aus und senden Sie uns Ihren Veranstaltungsvorschlag. <\/p>\n<a href=\"https:\/\/15francoallemandeoccitanie.fr\/evenements\/communaute\/ajouter\/\" class=\"button primary\" style=\"border-radius:99px;\">\n\t\t<span>IHREN VERANSTALTUNGSVORSCHLAG EINREICHEN<\/span>\n\t<\/a>\n\n\t\t<\/div>\n\t\t\t\t\n<style>\n#col-2144448731 > .col-inner {\n  padding: 0px 20px 0px 20px;\n}\n<\/style>\n\t<\/div>\n\n\t\n\n\t<div id=\"col-111894526\" class=\"col medium-4 small-12 large-4\"  >\n\t\t\t\t<div class=\"col-inner text-center\"  >\n\t\t\t\n\t\t\t\n\t<div id=\"text-239401277\" class=\"text\">\n\t\t\n<p><span data-text-color=\"primary\">SCHRITT 2<\/span><\/p>\n<p><span style=\"font-size: 130%;\" data-text-color=\"primary\"><b>PROJEKTSTUDIE<\/b><\/span><\/p>\n\t\t\n<style>\n#text-239401277 {\n  line-height: 0.75;\n  text-align: center;\n}\n<\/style>\n\t<\/div>\n\t\n<p>Ihr Veranstaltungsvorschlag wird der Kommission zur Pr\u00fcfung vorgelegt. Die Kommission wird regelm\u00e4\u00dfig einberufen, um die Vorschl\u00e4ge zu beurteilen und freizugeben, wenn sie den Vorgaben entsprechen**. <\/p>\n\t\t<\/div>\n\t\t\t\t\n<style>\n#col-111894526 > .col-inner {\n  padding: 0px 20px 0px 20px;\n}\n<\/style>\n\t<\/div>\n\n\t\n\n\t<div id=\"col-1459504864\" class=\"col medium-4 small-12 large-4\"  >\n\t\t\t\t<div class=\"col-inner text-center\"  >\n\t\t\t\n\t\t\t\n\t<div id=\"text-3650511344\" class=\"text\">\n\t\t\n<p><span data-text-color=\"primary\">SCHRITT 3<\/span><\/p>\n<p><span style=\"font-size: 130%;\" data-text-color=\"primary\"><b>BEST\u00c4TIGUNG<\/b><\/span><\/p>\n\t\t\n<style>\n#text-3650511344 {\n  line-height: 0.75;\n  text-align: center;\n}\n<\/style>\n\t<\/div>\n\t\n<p>FREIGABE<br \/>\nSie erhalten dann eine E-Mail, in der Sie \u00fcber die Entscheidung der Kommission zu Ihrem Veranstaltungsprojekt informiert werden. Wenn die Antwort positiv ausf\u00e4llt, erhalten Sie nun Zugang zu Ihrer pers\u00f6nlichen Seite auf der Website, wo Sie auf die von Ihnen vorgeschlagenen Projekte zugreifen und diese ggf. aktualisieren k\u00f6nnen.\n<\/p>\n\t\t<\/div>\n\t\t\t\t\n<style>\n#col-1459504864 > .col-inner {\n  padding: 0px 20px 0px 20px;\n}\n<\/style>\n\t<\/div>\n\n\t\n<\/div>\n\t<div id=\"gap-1223489673\" class=\"gap-element clearfix\" style=\"display:block; height:auto;\">\n\t\t\n<style>\n#gap-1223489673 {\n  padding-top: 121px;\n}\n<\/style>\n\t<\/div>\n\t\n\t\t<\/div>\n\n\t\t\n<style>\n#section_570180822 {\n  padding-top: 30px;\n  padding-bottom: 30px;\n}\n<\/style>\n\t<\/section>\n\t\n","protected":false},"excerpt":{"rendered":"","protected":false},"author":1,"featured_media":0,"parent":0,"menu_order":0,"comment_status":"closed","ping_status":"closed","template":"page-blank.php","meta":{"_price":"","_stock":"","_tribe_ticket_header":"","_tribe_default_ticket_provider":"","_tribe_ticket_capacity":"0","_ticket_start_date":"","_ticket_end_date":"","_tribe_ticket_show_description":"","_tribe_ticket_show_not_going":false,"_tribe_ticket_use_global_stock":"","_tribe_ticket_global_stock_level":"","_global_stock_mode":"","_global_stock_cap":"","_tribe_rsvp_for_event":"","_tribe_ticket_going_count":"","_tribe_ticket_not_going_count":"","_tribe_tickets_list":"[]","_tribe_ticket_has_attendee_info_fields":false,"footnotes":"","_tec_slr_enabled":"","_tec_slr_layout":""},"class_list":["post-908","page","type-page","status-publish","hentry"],"ticketed":false,"_links":{"self":[{"href":"https:\/\/15francoallemandeoccitanie.fr\/de\/wp-json\/wp\/v2\/pages\/908","targetHints":{"allow":["GET"]}}],"collection":[{"href":"https:\/\/15francoallemandeoccitanie.fr\/de\/wp-json\/wp\/v2\/pages"}],"about":[{"href":"https:\/\/15francoallemandeoccitanie.fr\/de\/wp-json\/wp\/v2\/types\/page"}],"author":[{"embeddable":true,"href":"https:\/\/15francoallemandeoccitanie.fr\/de\/wp-json\/wp\/v2\/users\/1"}],"replies":[{"embeddable":true,"href":"https:\/\/15francoallemandeoccitanie.fr\/de\/wp-json\/wp\/v2\/comments?post=908"}],"version-history":[{"count":2,"href":"https:\/\/15francoallemandeoccitanie.fr\/de\/wp-json\/wp\/v2\/pages\/908\/revisions"}],"predecessor-version":[{"id":966,"href":"https:\/\/15francoallemandeoccitanie.fr\/de\/wp-json\/wp\/v2\/pages\/908\/revisions\/966"}],"wp:attachment":[{"href":"https:\/\/15francoallemandeoccitanie.fr\/de\/wp-json\/wp\/v2\/media?parent=908"}],"curies":[{"name":"wp","href":"https:\/\/api.w.org\/{rel}","templated":true}]}}