{"id":914,"date":"2022-02-04T15:57:22","date_gmt":"2022-02-04T14:57:22","guid":{"rendered":"https:\/\/15francoallemandeoccitanie.fr\/?page_id=914"},"modified":"2022-09-13T15:15:55","modified_gmt":"2022-09-13T13:15:55","slug":"deutsch-heute","status":"publish","type":"page","link":"https:\/\/15francoallemandeoccitanie.fr\/de\/deutsch-heute\/","title":{"rendered":"Deutsch heute"},"content":{"rendered":"\n\t<section class=\"section\" id=\"section_1894230411\">\n\t\t<div class=\"section-bg fill\" >\n\t\t\t<img loading=\"lazy\" decoding=\"async\" width=\"1920\" height=\"900\" src=\"https:\/\/15francoallemandeoccitanie.fr\/wp-content\/uploads\/2022\/03\/economie-franco-allemande-occitanie.jpg\" class=\"bg attachment- size-\" alt=\"\" \/>\t\t\t\t\t\t\n\t\t\t\n\n\t\t<\/div>\n\n\t\t\n\n\t\t<div class=\"section-content relative\">\n\t\t\t\n<div class=\"row\"  id=\"row-1591627253\">\n\n\t<div id=\"col-2109682825\" class=\"col medium-6 small-12 large-6\"  >\n\t\t\t\t<div class=\"col-inner\"  >\n\t\t\t\n\t\t\t\n\t<div id=\"text-3181521653\" class=\"text\">\n\t\t\n<h1>Deutsch heute <\/h1>\n\t\t\n<style>\n#text-3181521653 {\n  font-size: 1.7rem;\n  text-align: left;\n}\n<\/style>\n\t<\/div>\n\t\n\t<div id=\"text-140375257\" class=\"text\">\n\t\t\n<p><span data-text-color=\"primary\"><b>Deutsch \u2013 Sprache der Europ\u00e4ischen Union<\/b><\/span><\/p>\n<ul>\n<li>Eine der 24 Amtssprachen der EU<\/li>\n<li>Muttersprache der gr\u00f6\u00dften Anzahl von Sprecherinnen und Sprechern in der EU<\/li>\n<li>Zweite Fremdsprache nach Englisch und ebenso verbreitet wie Franz\u00f6sisch<\/li>\n<li>Amtssprache in mehr Mitgliedstaaten als jede andere Sprache und<\/li>\n<li>bildet die wirtschaftlich st\u00e4rkste Sprachgemeinschaft.<\/li>\n<\/ul>\n\t\t\n<style>\n#text-140375257 {\n  text-align: left;\n}\n<\/style>\n\t<\/div>\n\t\n\t\t<\/div>\n\t\t\t\t\n<style>\n#col-2109682825 > .col-inner {\n  padding: 175px 20px 0px 20px;\n}\n@media (min-width:550px) {\n  #col-2109682825 > .col-inner {\n    padding: 200px 0px 0px 0px;\n  }\n}\n<\/style>\n\t<\/div>\n\n\t\n<\/div>\n<div class=\"row\"  id=\"row-1874420833\">\n\n\t<div id=\"col-2001507269\" class=\"col small-12 large-12\"  >\n\t\t\t\t<div class=\"col-inner text-left\"  >\n\t\t\t\n\t\t\t\n\t<div id=\"gap-2068573388\" class=\"gap-element clearfix\" style=\"display:block; height:auto;\">\n\t\t\n<style>\n#gap-2068573388 {\n  padding-top: 48px;\n}\n@media (min-width:550px) {\n  #gap-2068573388 {\n    padding-top: 92px;\n  }\n}\n<\/style>\n\t<\/div>\n\t\n\t<div id=\"gap-694216597\" class=\"gap-element clearfix\" style=\"display:block; height:auto;\">\n\t\t\n<style>\n#gap-694216597 {\n  padding-top: 0px;\n}\n<\/style>\n\t<\/div>\n\t\n<div class=\"row align-equal\"  id=\"row-1551141341\">\n\n\t<div id=\"col-1280824689\" class=\"col medium-2 small-12 large-2\"  >\n\t\t\t\t<div class=\"col-inner text-center box-shadow-5\" style=\"background-color:rgb(255,255,255);\" >\n\t\t\t\n\t\t\t\n\t<div id=\"text-2671090545\" class=\"text\">\n\t\t\n<p><span style=\"font-size: 200%;\" data-text-color=\"primary\"><b>2300<\/b><\/span><\/p>\n\t\t\n<style>\n#text-2671090545 {\n  line-height: 0.75;\n}\n<\/style>\n\t<\/div>\n\t\n\t<div id=\"text-558974611\" class=\"text\">\n\t\t\n<p><span style=\"font-size: 100%;\"><b> deutsche Firmen-<br \/>\nniederlassungen in Frankreich <\/b><\/span><\/p>\n\t\t\n<style>\n#text-558974611 {\n  line-height: 1.2;\n  color: rgb(0,0,0);\n}\n#text-558974611 > * {\n  color: rgb(0,0,0);\n}\n<\/style>\n\t<\/div>\n\t\n\t\t<\/div>\n\t\t\t\t\n<style>\n#col-1280824689 > .col-inner {\n  padding: 40px 30px 10px 30px;\n  margin: 0px 0px 0 0px;\n  border-radius: 10px;\n}\n@media (min-width:550px) {\n  #col-1280824689 > .col-inner {\n    margin: 0px 0px -70px 0px;\n  }\n}\n<\/style>\n\t<\/div>\n\n\t\n\n\t<div id=\"col-658103270\" class=\"col medium-2 small-12 large-2\"  >\n\t\t\t\t<div class=\"col-inner text-center box-shadow-5\" style=\"background-color:rgb(255,255,255);\" >\n\t\t\t\n\t\t\t\n\t<div id=\"text-2819168386\" class=\"text\">\n\t\t\n<p><span style=\"font-size: 200%;\" data-text-color=\"primary\"><b>+100<\/b><\/span><\/p>\n\t\t\n<style>\n#text-2819168386 {\n  line-height: 0.75;\n}\n<\/style>\n\t<\/div>\n\t\n\t<div id=\"text-3305542367\" class=\"text\">\n\t\t\n<p><span style=\"font-size: 100%;\"><b> Unternehmen mit deutschem Kapital in Okzitanien<\/b><\/span><\/p>\n\t\t\n<style>\n#text-3305542367 {\n  line-height: 1.2;\n  color: rgb(0,0,0);\n}\n#text-3305542367 > * {\n  color: rgb(0,0,0);\n}\n<\/style>\n\t<\/div>\n\t\n\t\t<\/div>\n\t\t\t\t\n<style>\n#col-658103270 > .col-inner {\n  padding: 40px 30px 10px 30px;\n  margin: 0px 0px 0 0px;\n  border-radius: 10px;\n}\n@media (min-width:550px) {\n  #col-658103270 > .col-inner {\n    margin: 0px 0px -70px 0px;\n  }\n}\n<\/style>\n\t<\/div>\n\n\t\n\n\t<div id=\"col-1027269979\" class=\"col medium-2 small-12 large-2\"  >\n\t\t\t\t<div class=\"col-inner text-center box-shadow-5\" style=\"background-color:rgb(255,255,255);\" >\n\t\t\t\n\t\t\t\n\t<div id=\"text-2730490218\" class=\"text\">\n\t\t\n<p><span style=\"font-size: 200%;\" data-text-color=\"primary\"><b>324000<\/b><\/span><\/p>\n\t\t\n<style>\n#text-2730490218 {\n  line-height: 0.75;\n}\n<\/style>\n\t<\/div>\n\t\n\t<div id=\"text-1111418420\" class=\"text\">\n\t\t\n<p><span style=\"font-size: 100%;\"><b> Arbeitspl\u00e4tze<\/b><\/span><\/p>\n\t\t\n<style>\n#text-1111418420 {\n  line-height: 1.2;\n  color: rgb(0,0,0);\n}\n#text-1111418420 > * {\n  color: rgb(0,0,0);\n}\n<\/style>\n\t<\/div>\n\t\n\t\t<\/div>\n\t\t\t\t\n<style>\n#col-1027269979 > .col-inner {\n  padding: 40px 30px 10px 30px;\n  margin: 0px 0px 0 0px;\n  border-radius: 10px;\n}\n@media (min-width:550px) {\n  #col-1027269979 > .col-inner {\n    margin: 0px 0px -70px 0px;\n  }\n}\n<\/style>\n\t<\/div>\n\n\t\n\n\t<div id=\"col-1225155507\" class=\"col medium-3 small-12 large-3\"  >\n\t\t\t\t<div class=\"col-inner text-center box-shadow-5\" style=\"background-color:rgb(255,255,255);\" >\n\t\t\t\n\t\t\t\n\t<div id=\"text-85500001\" class=\"text\">\n\t\t\n<p><span style=\"font-size: 200%;\" data-text-color=\"primary\"><b>+150000<\/b><\/span><\/p>\n\t\t\n<style>\n#text-85500001 {\n  line-height: 0.75;\n}\n<\/style>\n\t<\/div>\n\t\n\t<div id=\"text-1528559764\" class=\"text\">\n\t\t\n<p><span style=\"font-size: 100%;\"><b> Menschen arbeiten im deutsch-franz\u00f6sischen Rahmen in Okzitanien<\/b><\/span><\/p>\n\t\t\n<style>\n#text-1528559764 {\n  line-height: 1.2;\n  color: rgb(0,0,0);\n}\n#text-1528559764 > * {\n  color: rgb(0,0,0);\n}\n<\/style>\n\t<\/div>\n\t\n\t\t<\/div>\n\t\t\t\t\n<style>\n#col-1225155507 > .col-inner {\n  padding: 40px 30px 10px 30px;\n  margin: 0px 0px 0 0px;\n  border-radius: 10px;\n}\n@media (min-width:550px) {\n  #col-1225155507 > .col-inner {\n    margin: 0px 0px -70px 0px;\n  }\n}\n<\/style>\n\t<\/div>\n\n\t\n\n\t<div id=\"col-1129823274\" class=\"col medium-2 small-12 large-2\"  >\n\t\t\t\t<div class=\"col-inner text-center box-shadow-5\" style=\"background-color:rgb(255,255,255);\" >\n\t\t\t\n\t\t\t\n\t<div id=\"text-3961261457\" class=\"text\">\n\t\t\n<p><span style=\"font-size: 200%;\" data-text-color=\"primary\"><b>15000<\/b><\/span><\/p>\n\t\t\n<style>\n#text-3961261457 {\n  line-height: 0.75;\n}\n<\/style>\n\t<\/div>\n\t\n\t<div id=\"text-935880468\" class=\"text\">\n\t\t\n<p><span style=\"font-size: 100%;\"><b>  Besch\u00e4ftigte<\/b><\/span><\/p>\n\t\t\n<style>\n#text-935880468 {\n  line-height: 1.2;\n  color: rgb(0,0,0);\n}\n#text-935880468 > * {\n  color: rgb(0,0,0);\n}\n<\/style>\n\t<\/div>\n\t\n\t\t<\/div>\n\t\t\t\t\n<style>\n#col-1129823274 > .col-inner {\n  padding: 40px 30px 10px 30px;\n  margin: 0px 0px 0 0px;\n  border-radius: 10px;\n}\n@media (min-width:550px) {\n  #col-1129823274 > .col-inner {\n    margin: 0px 0px -70px 0px;\n  }\n}\n<\/style>\n\t<\/div>\n\n\t\n<\/div>\n\t\t<\/div>\n\t\t\t\t\n<style>\n#col-2001507269 > .col-inner {\n  padding: 0px 20px 0px 20px;\n  margin: 0px 0px 0 0px;\n}\n@media (min-width:550px) {\n  #col-2001507269 > .col-inner {\n    padding: 0px 60px 80px 0px;\n    margin: 0px 0px -131px 0px;\n  }\n}\n<\/style>\n\t<\/div>\n\n\t\n<\/div>\n\t\t<\/div>\n\n\t\t\n<style>\n#section_1894230411 {\n  padding-top: 30px;\n  padding-bottom: 30px;\n}\n<\/style>\n\t<\/section>\n\t\n\n\t<section class=\"section dark\" id=\"section_1828509333\">\n\t\t<div class=\"section-bg fill\" >\n\t\t\t\t\t\t\t\t\t\n\t\t\t\n\n\t\t<\/div>\n\n\t\t\n\n\t\t<div class=\"section-content relative\">\n\t\t\t\n<div class=\"row row-collapse align-middle\"  id=\"row-687498628\">\n\n\t<div id=\"col-1867457495\" class=\"col medium-5 small-12 large-5\"  >\n\t\t\t\t<div class=\"col-inner\"  >\n\t\t\t\n\t\t\t\n\t<div class=\"img has-hover x md-x lg-x y md-y lg-y\" id=\"image_1047161687\">\n\t\t\t\t\t\t\t\t<div class=\"img-inner dark\" >\n\t\t\t<img loading=\"lazy\" decoding=\"async\" width=\"768\" height=\"1024\" src=\"https:\/\/15francoallemandeoccitanie.fr\/wp-content\/uploads\/2022\/09\/20220512_112247-768x1024.jpg\" class=\"attachment-large size-large\" alt=\"\" srcset=\"https:\/\/15francoallemandeoccitanie.fr\/wp-content\/uploads\/2022\/09\/20220512_112247-768x1024.jpg 768w, https:\/\/15francoallemandeoccitanie.fr\/wp-content\/uploads\/2022\/09\/20220512_112247-225x300.jpg 225w, https:\/\/15francoallemandeoccitanie.fr\/wp-content\/uploads\/2022\/09\/20220512_112247-1152x1536.jpg 1152w, https:\/\/15francoallemandeoccitanie.fr\/wp-content\/uploads\/2022\/09\/20220512_112247-1536x2048.jpg 1536w, https:\/\/15francoallemandeoccitanie.fr\/wp-content\/uploads\/2022\/09\/20220512_112247-scaled.jpg 1920w\" sizes=\"auto, (max-width: 768px) 100vw, 768px\" \/>\t\t\t\t\t\t\n\t\t\t\t\t<\/div>\n\t\t\t\t\t\t\t\t\n<style>\n#image_1047161687 {\n  width: 100%;\n}\n<\/style>\n\t<\/div>\n\t\n\t\t<\/div>\n\t\t\t\t\n<style>\n#col-1867457495 > .col-inner {\n  padding: 0px 0 0px 0px;\n  margin: 0px 0px 0 0px;\n}\n@media (min-width:550px) {\n  #col-1867457495 > .col-inner {\n    padding: 0px 75px 0px 0px;\n    margin: 0px 0px -177px 0px;\n  }\n}\n<\/style>\n\t<\/div>\n\n\t\n\n\t<div id=\"col-985487904\" class=\"col medium-7 small-12 large-7\"  >\n\t\t\t\t<div class=\"col-inner text-left\"  >\n\t\t\t\n\t\t\t\n\t<div id=\"text-387047763\" class=\"text\">\n\t\t\n<h2 class=\"uppercase\"><span style=\"font-size: 75%;\">EINE WIN-WIN-BEZIEHUNG<\/span><\/h2>\n\t\t\n<style>\n#text-387047763 {\n  font-size: 0.75rem;\n  text-align: left;\n}\n<\/style>\n\t<\/div>\n\t\n\t<div id=\"text-839723104\" class=\"text\">\n\t\t\n<h3> Deutsch-franz\u00f6sischer Handel im Jahr 2020<\/h3>\n\t\t\n<style>\n#text-839723104 {\n  font-size: 1.7rem;\n  text-align: left;\n}\n<\/style>\n\t<\/div>\n\t\n<p><b>Nach der CORONA-Gesundheitskrise ist Deutschland der wichtigste Handelspartner der Region Okzitanien, gefolgt von Spanien an zweiter Stelle und dem Vereinigten K\u00f6nigreich <\/b><\/p>\n\t<div id=\"gap-514219369\" class=\"gap-element clearfix\" style=\"display:block; height:auto;\">\n\t\t\n<style>\n#gap-514219369 {\n  padding-top: 30px;\n}\n<\/style>\n\t<\/div>\n\t\n<div class=\"row align-equal\"  id=\"row-535904249\">\n\n\t<div id=\"col-316029140\" class=\"col medium-6 small-12 large-6\"  >\n\t\t\t\t<div class=\"col-inner text-center dark\" style=\"background-color:rgb(217, 31, 34);\" >\n\t\t\t\n\t\t\t\n\t<div id=\"text-3779187778\" class=\"text\">\n\t\t\n<p><span style=\"font-size: 200%;\"><b> 5 758\u00a0871* <\/b><\/span><\/p>\n\t\t\n<style>\n#text-3779187778 {\n  line-height: 0.75;\n}\n<\/style>\n\t<\/div>\n\t\n\t<div id=\"text-3129497169\" class=\"text\">\n\t\t\n<p><span style=\"font-size: 120%;\"><b>Exporte aus Deutschland nach Okzitanien <\/b><\/span><\/p>\n\t\t\n<style>\n#text-3129497169 {\n  line-height: 1.2;\n}\n<\/style>\n\t<\/div>\n\t\n\t\t<\/div>\n\t\t\t\t\n<style>\n#col-316029140 > .col-inner {\n  padding: 40px 40px 20px 40px;\n  border-radius: 20px;\n}\n<\/style>\n\t<\/div>\n\n\t\n\n\t<div id=\"col-1406143885\" class=\"col medium-6 small-12 large-6\"  >\n\t\t\t\t<div class=\"col-inner text-center dark\" style=\"background-color:rgb(217, 31, 34);\" >\n\t\t\t\n\t\t\t\n\t<div id=\"text-2517271010\" class=\"text\">\n\t\t\n<p><span style=\"font-size: 200%;\"><b> 3 198\u00a0456* <\/b><\/span><\/p>\n\t\t\n<style>\n#text-2517271010 {\n  line-height: 0.75;\n}\n<\/style>\n\t<\/div>\n\t\n\t<div id=\"text-1017165877\" class=\"text\">\n\t\t\n<p><span style=\"font-size: 120%;\"><b>Exporte aus Okzitanien nach Deutschland <\/b><\/span><\/p>\n\t\t\n<style>\n#text-1017165877 {\n  line-height: 1.2;\n}\n<\/style>\n\t<\/div>\n\t\n\t\t<\/div>\n\t\t\t\t\n<style>\n#col-1406143885 > .col-inner {\n  padding: 40px 40px 20px 40px;\n  border-radius: 20px;\n}\n<\/style>\n\t<\/div>\n\n\t\n<\/div>\n<p><span style=\"font-size: 80%;\">*Donn\u00e9es CAF \u00e0 l&#8217;import, FAB \u00e0 l&#8217;export<\/span><\/p>\n\t\t<\/div>\n\t\t\t\t\n<style>\n#col-985487904 > .col-inner {\n  padding: 57px 20px 12px 20px;\n  margin: 0px 0px 0 0px;\n}\n@media (min-width:550px) {\n  #col-985487904 > .col-inner {\n    padding: 133px 100px 60px 0px;\n  }\n}\n<\/style>\n\t<\/div>\n\n\t\n<\/div>\n\t\t<\/div>\n\n\t\t\n<style>\n#section_1828509333 {\n  padding-top: 0px;\n  padding-bottom: 0px;\n  background-color: #c90c0f;\n}\n<\/style>\n\t<\/section>\n\t\n\n\t<section class=\"section\" id=\"section_334309549\">\n\t\t<div class=\"section-bg fill\" >\n\t\t\t<img loading=\"lazy\" decoding=\"async\" width=\"1612\" height=\"3541\" src=\"https:\/\/15francoallemandeoccitanie.fr\/wp-content\/uploads\/2022\/02\/BG_Histoire-quinzaine-franco-allemande-1.svg\" class=\"bg attachment- size-\" alt=\"\" \/>\t\t\t\t\t\t\n\t\t\t\n\n\t\t<\/div>\n\n\t\t\n\n\t\t<div class=\"section-content relative\">\n\t\t\t\n<div class=\"row\"  id=\"row-2061540944\">\n\n\t<div id=\"col-1495122480\" class=\"col medium-6 small-12 large-6\"  >\n\t\t\t\t<div class=\"col-inner\"  >\n\t\t\t\n\t\t\t\n\t<div id=\"text-3593849196\" class=\"text\">\n\t\t\n<h2 class=\"uppercase\"><span style=\"font-size: 75%;\">EIN HERVORRAGENDER WACHSTUMSHEBELe<\/span><\/h2>\n\t\t\n<style>\n#text-3593849196 {\n  font-size: 0.75rem;\n  text-align: left;\n}\n<\/style>\n\t<\/div>\n\t\n\t<div id=\"text-1361955159\" class=\"text\">\n\t\t\n<h2> Deutsch, ein unbestreitbarer Pluspunkt in Unternehmen<\/h2>\n\t\t\n<style>\n#text-1361955159 {\n  font-size: 1.7rem;\n  text-align: left;\n}\n<\/style>\n\t<\/div>\n\t\n\t\t<\/div>\n\t\t\t\t\n<style>\n#col-1495122480 > .col-inner {\n  padding: 0px 20px 0px 20px;\n}\n<\/style>\n\t<\/div>\n\n\t\n\n\t<div id=\"col-2138283151\" class=\"col medium-6 small-12 large-6\"  >\n\t\t\t\t<div class=\"col-inner\"  >\n\t\t\t\n\t\t\t\n\t\t<\/div>\n\t\t\t\t\t<\/div>\n\n\t\n<\/div>\n<div class=\"row\"  id=\"row-395699523\">\n\n\t<div id=\"col-1677836559\" class=\"col medium-6 small-12 large-6\"  >\n\t\t\t\t<div class=\"col-inner\"  >\n\t\t\t\n\t\t\t\n<p><span data-text-color=\"primary\"><b>Wie gew\u00e4hrleisten Arbeitgeber*innen die Fremdsprachenkenntnisse ihrer Mitarbeitenden??<\/b><\/span><\/p>\n<ul>\n<li><strong>62 % stellen Bewerber*innen <\/strong> ein, die die Fremdsprache bereits beherrschen<\/li>\n<li><strong>35 % bieten ihren Mitarbeitenden Sprachkurse an<\/strong><br \/>Fremdsprachenkenntnisse spielen f\u00fcr die meisten Unternehmen eine sehr wichtige Rolle. Jedes zweite Unternehmen setzt bei der Einstellung von Bewerber*innen Kompetenzen in einer lebenden Fremdsprache voraus<\/li>\n<li><strong>39% verwenden Deutsch <\/strong> als Standardsprache.<\/li>\n<\/ul>\n<p>Der hohe Stellenwert der Handelsbeziehungen zwischen Deutschland und Frankreich f\u00fchrt dazu, dass Profile von Bewerber*innen mit berufsbezogenen Deutschkenntnissen von den Leiter*innen der Personalabteilungen besonders gesch\u00e4tzt werden und somit bessere Eingliederungsquoten auf dem Arbeitsmarkt erzielen.<\/p>\n\t\t<\/div>\n\t\t\t\t\n<style>\n#col-1677836559 > .col-inner {\n  padding: 0px 20px 0px 20px;\n}\n<\/style>\n\t<\/div>\n\n\t\n<\/div>\n\t\t<\/div>\n\n\t\t\n<style>\n#section_334309549 {\n  padding-top: 110px;\n  padding-bottom: 110px;\n}\n<\/style>\n\t<\/section>\n\t\n","protected":false},"excerpt":{"rendered":"","protected":false},"author":1,"featured_media":0,"parent":0,"menu_order":0,"comment_status":"closed","ping_status":"closed","template":"page-blank.php","meta":{"_price":"","_stock":"","_tribe_ticket_header":"","_tribe_default_ticket_provider":"","_tribe_ticket_capacity":"0","_ticket_start_date":"","_ticket_end_date":"","_tribe_ticket_show_description":"","_tribe_ticket_show_not_going":false,"_tribe_ticket_use_global_stock":"","_tribe_ticket_global_stock_level":"","_global_stock_mode":"","_global_stock_cap":"","_tribe_rsvp_for_event":"","_tribe_ticket_going_count":"","_tribe_ticket_not_going_count":"","_tribe_tickets_list":"[]","_tribe_ticket_has_attendee_info_fields":false,"footnotes":"","_tec_slr_enabled":"","_tec_slr_layout":""},"class_list":["post-914","page","type-page","status-publish","hentry"],"ticketed":false,"_links":{"self":[{"href":"https:\/\/15francoallemandeoccitanie.fr\/de\/wp-json\/wp\/v2\/pages\/914","targetHints":{"allow":["GET"]}}],"collection":[{"href":"https:\/\/15francoallemandeoccitanie.fr\/de\/wp-json\/wp\/v2\/pages"}],"about":[{"href":"https:\/\/15francoallemandeoccitanie.fr\/de\/wp-json\/wp\/v2\/types\/page"}],"author":[{"embeddable":true,"href":"https:\/\/15francoallemandeoccitanie.fr\/de\/wp-json\/wp\/v2\/users\/1"}],"replies":[{"embeddable":true,"href":"https:\/\/15francoallemandeoccitanie.fr\/de\/wp-json\/wp\/v2\/comments?post=914"}],"version-history":[{"count":3,"href":"https:\/\/15francoallemandeoccitanie.fr\/de\/wp-json\/wp\/v2\/pages\/914\/revisions"}],"predecessor-version":[{"id":1137,"href":"https:\/\/15francoallemandeoccitanie.fr\/de\/wp-json\/wp\/v2\/pages\/914\/revisions\/1137"}],"wp:attachment":[{"href":"https:\/\/15francoallemandeoccitanie.fr\/de\/wp-json\/wp\/v2\/media?parent=914"}],"curies":[{"name":"wp","href":"https:\/\/api.w.org\/{rel}","templated":true}]}}